{"id":986,"date":"2021-04-06T09:26:22","date_gmt":"2021-04-06T12:26:22","guid":{"rendered":"https:\/\/ultraland.themetags.com\/?page_id=986"},"modified":"2023-08-24T19:02:23","modified_gmt":"2023-08-24T22:02:23","slug":"about","status":"publish","type":"page","link":"https:\/\/breakinhub.com\/en\/about\/","title":{"rendered":"About"},"content":{"rendered":"<div data-elementor-type=\"wp-page\" data-elementor-id=\"986\" class=\"elementor elementor-986\">\n\t\t\t\t\t\t\t\t\t<section class=\"elementor-section elementor-top-section elementor-element elementor-element-07471d9 elementor-section-boxed elementor-section-height-default elementor-section-height-default\" data-id=\"07471d9\" data-element_type=\"section\">\n\t\t\t\t\t\t<div class=\"elementor-container elementor-column-gap-default\">\n\t\t\t\t\t<div class=\"elementor-column elementor-col-100 elementor-top-column elementor-element elementor-element-16580c7\" data-id=\"16580c7\" data-element_type=\"column\">\n\t\t\t<div class=\"elementor-widget-wrap elementor-element-populated\">\n\t\t\t\t\t\t\t\t<div class=\"elementor-element elementor-element-9e39ab1 tt-heading-fill-color elementor-widget elementor-widget-tt-heading\" data-id=\"9e39ab1\" data-element_type=\"widget\" data-widget_type=\"tt-heading.default\">\n\t\t\t\t<div class=\"elementor-widget-container\">\n\t\t\t\r\n        <div class=\"section-heading style-one\">\r\n\t\t\t\r\n\t\t\t                <h2 class=\"section-title wow fadeInUp\" data-wow-delay=\"0.3s\">Breaking in one place<\/h2>\r\n\t\t\t\r\n\t\t\t                <div class=\"description wow fadeInUp\" data-wow-delay=\"0.5s\"><p>We are the first Brazilian app focused exclusively on B-boys and B-girls. Through technology, we aim to bring more organization, evolution, and cultural awareness to the Breaking scene.<\/p><\/div>\r\n\t\t\t        <\/div>\r\n\r\n\t\t\t\t<\/div>\n\t\t\t\t<\/div>\n\t\t\t\t\t<\/div>\n\t\t<\/div>\n\t\t\t\t\t\t\t<\/div>\n\t\t<\/section>\n\t\t\t\t<section class=\"elementor-section elementor-top-section elementor-element elementor-element-4c6717f elementor-section-boxed elementor-section-height-default elementor-section-height-default\" data-id=\"4c6717f\" data-element_type=\"section\">\n\t\t\t\t\t\t<div class=\"elementor-container elementor-column-gap-default\">\n\t\t\t\t\t<div class=\"elementor-column elementor-col-50 elementor-top-column elementor-element elementor-element-870276f\" data-id=\"870276f\" data-element_type=\"column\">\n\t\t\t<div class=\"elementor-widget-wrap elementor-element-populated\">\n\t\t\t\t\t\t\t\t<div class=\"elementor-element elementor-element-07191d1 elementor-widget elementor-widget-tt-parallax-image\" data-id=\"07191d1\" data-element_type=\"widget\" data-widget_type=\"tt-parallax-image.default\">\n\t\t\t\t<div class=\"elementor-widget-container\">\n\t\t\t\r\n\t\t\t<div class=\"tt-parallax__image tt-parallax__image--five\">\r\n\t\t\t\t\r\n\t\t\t\t<div class=\"parallax-image\">\r\n\t\t\t\t\t\t\t\t\t\t\r\n\t\t\t\t\t\r\n\t\t\t\t\t\r\n\t\t\t\t\t\t\t\t\t\t\t\t\t\t\t\t\t\t<div class=\"image-one wow ttfadeInUp\" data-wow-dealy=\"0.5s\">\r\n\t\t\t\t\t\t\t\t<img decoding=\"async\" src=\"http:\/\/breakinhub.com\/wp-content\/uploads\/2023\/08\/breaker-2-scaled.jpg\" data-parallax='{\"y\": -10}' alt=\"Shape Image\">\r\n\t\t\t\t\t\t\t<\/div>\r\n\t\t\t\t\t\t\t<!-- \/.image-one -->\r\n\t\t\t\t\t\t\r\n\t\t\t\t\t\t\t\t\t\t\t\r\n\r\n\t\t\t\t\t\t\t<\/div>\r\n\t\t<\/div>\r\n\t\t<!-- \/.tt-parallax__image -->\r\n\t\t\t\t<\/div>\n\t\t\t\t<\/div>\n\t\t\t\t\t<\/div>\n\t\t<\/div>\n\t\t\t\t<div class=\"elementor-column elementor-col-50 elementor-top-column elementor-element elementor-element-085d658\" data-id=\"085d658\" data-element_type=\"column\">\n\t\t\t<div class=\"elementor-widget-wrap elementor-element-populated\">\n\t\t\t\t\t\t\t\t<div class=\"elementor-element elementor-element-8e6de35 tt-heading-fill-color elementor-widget elementor-widget-tt-heading\" data-id=\"8e6de35\" data-element_type=\"widget\" data-widget_type=\"tt-heading.default\">\n\t\t\t\t<div class=\"elementor-widget-container\">\n\t\t\t\r\n        <div class=\"section-heading style-one\">\r\n\t\t\t\r\n\t\t\t                <h2 class=\"section-title wow fadeInUp\" data-wow-delay=\"0.3s\">Our mission is to support the Breaking scene.<\/h2>\r\n\t\t\t\r\n\t\t\t                <div class=\"description wow fadeInUp\" data-wow-delay=\"0.5s\"><p>Breakin' Hub is an app with the mission of helping breakers from all over the world enhance their skills and knowledge. We achieve this by providing digital tools for organization, support, and learning.<\/p><\/div>\r\n\t\t\t        <\/div>\r\n\r\n\t\t\t\t<\/div>\n\t\t\t\t<\/div>\n\t\t\t\t\t<\/div>\n\t\t<\/div>\n\t\t\t\t\t\t\t<\/div>\n\t\t<\/section>\n\t\t\t\t<section class=\"elementor-section elementor-top-section elementor-element elementor-element-0bfd8ab elementor-section-boxed elementor-section-height-default elementor-section-height-default\" data-id=\"0bfd8ab\" data-element_type=\"section\">\n\t\t\t\t\t\t<div class=\"elementor-container elementor-column-gap-default\">\n\t\t\t\t\t<div class=\"elementor-column elementor-col-100 elementor-top-column elementor-element elementor-element-75c0673\" data-id=\"75c0673\" data-element_type=\"column\">\n\t\t\t<div class=\"elementor-widget-wrap elementor-element-populated\">\n\t\t\t\t\t\t\t\t<div class=\"elementor-element elementor-element-9b1ffbb tt-heading-fill-color elementor-widget elementor-widget-tt-heading\" data-id=\"9b1ffbb\" data-element_type=\"widget\" data-widget_type=\"tt-heading.default\">\n\t\t\t\t<div class=\"elementor-widget-container\">\n\t\t\t\r\n        <div class=\"section-heading style-one\">\r\n\t\t\t\r\n\t\t\t                <h2 class=\"section-title wow fadeInUp\" data-wow-delay=\"0.3s\">Our team<\/h2>\r\n\t\t\t\r\n\t\t\t        <\/div>\r\n\r\n\t\t\t\t<\/div>\n\t\t\t\t<\/div>\n\t\t\t\t\t<\/div>\n\t\t<\/div>\n\t\t\t\t\t\t\t<\/div>\n\t\t<\/section>\n\t\t\t\t<section class=\"elementor-section elementor-top-section elementor-element elementor-element-0d03cdd elementor-section-boxed elementor-section-height-default elementor-section-height-default\" data-id=\"0d03cdd\" data-element_type=\"section\">\n\t\t\t\t\t\t<div class=\"elementor-container elementor-column-gap-default\">\n\t\t\t\t\t<div class=\"elementor-column elementor-col-33 elementor-top-column elementor-element elementor-element-63d8705\" data-id=\"63d8705\" data-element_type=\"column\">\n\t\t\t<div class=\"elementor-widget-wrap elementor-element-populated\">\n\t\t\t\t\t\t\t\t<div class=\"elementor-element elementor-element-b854dc5 elementor-position-top elementor-widget elementor-widget-image-box\" data-id=\"b854dc5\" data-element_type=\"widget\" data-widget_type=\"image-box.default\">\n\t\t\t\t<div class=\"elementor-widget-container\">\n\t\t\t<style>\/*! elementor - v3.18.0 - 20-12-2023 *\/\n.elementor-widget-image-box .elementor-image-box-content{width:100%}@media (min-width:768px){.elementor-widget-image-box.elementor-position-left .elementor-image-box-wrapper,.elementor-widget-image-box.elementor-position-right .elementor-image-box-wrapper{display:flex}.elementor-widget-image-box.elementor-position-right .elementor-image-box-wrapper{text-align:right;flex-direction:row-reverse}.elementor-widget-image-box.elementor-position-left .elementor-image-box-wrapper{text-align:left;flex-direction:row}.elementor-widget-image-box.elementor-position-top .elementor-image-box-img{margin:auto}.elementor-widget-image-box.elementor-vertical-align-top .elementor-image-box-wrapper{align-items:flex-start}.elementor-widget-image-box.elementor-vertical-align-middle .elementor-image-box-wrapper{align-items:center}.elementor-widget-image-box.elementor-vertical-align-bottom .elementor-image-box-wrapper{align-items:flex-end}}@media (max-width:767px){.elementor-widget-image-box .elementor-image-box-img{margin-left:auto!important;margin-right:auto!important;margin-bottom:15px}}.elementor-widget-image-box .elementor-image-box-img{display:inline-block}.elementor-widget-image-box .elementor-image-box-title a{color:inherit}.elementor-widget-image-box .elementor-image-box-wrapper{text-align:center}.elementor-widget-image-box .elementor-image-box-description{margin:0}<\/style><div class=\"elementor-image-box-wrapper\"><figure class=\"elementor-image-box-img\"><a href=\"https:\/\/www.instagram.com\/rainyercyrax\/\" tabindex=\"-1\"><img fetchpriority=\"high\" decoding=\"async\" width=\"300\" height=\"300\" src=\"https:\/\/breakinhub.com\/wp-content\/uploads\/2023\/08\/cyrax-avatar.png\" class=\"attachment-full size-full wp-image-5221\" alt=\"\" srcset=\"https:\/\/breakinhub.com\/wp-content\/uploads\/2023\/08\/cyrax-avatar.png 300w, https:\/\/breakinhub.com\/wp-content\/uploads\/2023\/08\/cyrax-avatar-150x150.png 150w, https:\/\/breakinhub.com\/wp-content\/uploads\/2023\/08\/cyrax-avatar-70x70.png 70w\" sizes=\"(max-width: 300px) 100vw, 300px\" \/><\/a><\/figure><div class=\"elementor-image-box-content\"><h3 class=\"elementor-image-box-title\"><a href=\"https:\/\/www.instagram.com\/rainyercyrax\/\">Rainyer Santiago<\/a><\/h3><p class=\"elementor-image-box-description\">Founder and Software Engineer<\/p><\/div><\/div>\t\t<\/div>\n\t\t\t\t<\/div>\n\t\t\t\t\t<\/div>\n\t\t<\/div>\n\t\t\t\t<div class=\"elementor-column elementor-col-33 elementor-top-column elementor-element elementor-element-422d817\" data-id=\"422d817\" data-element_type=\"column\">\n\t\t\t<div class=\"elementor-widget-wrap elementor-element-populated\">\n\t\t\t\t\t\t\t\t<div class=\"elementor-element elementor-element-b397670 elementor-position-top elementor-widget elementor-widget-image-box\" data-id=\"b397670\" data-element_type=\"widget\" data-widget_type=\"image-box.default\">\n\t\t\t\t<div class=\"elementor-widget-container\">\n\t\t\t<div class=\"elementor-image-box-wrapper\"><figure class=\"elementor-image-box-img\"><a href=\"https:\/\/www.instagram.com\/amori.nha\/\" tabindex=\"-1\"><img decoding=\"async\" width=\"300\" height=\"300\" src=\"https:\/\/breakinhub.com\/wp-content\/uploads\/2023\/08\/amora-avatar.png\" class=\"attachment-full size-full wp-image-5222\" alt=\"amora moreira\" srcset=\"https:\/\/breakinhub.com\/wp-content\/uploads\/2023\/08\/amora-avatar.png 300w, https:\/\/breakinhub.com\/wp-content\/uploads\/2023\/08\/amora-avatar-150x150.png 150w, https:\/\/breakinhub.com\/wp-content\/uploads\/2023\/08\/amora-avatar-70x70.png 70w\" sizes=\"(max-width: 300px) 100vw, 300px\" \/><\/a><\/figure><div class=\"elementor-image-box-content\"><h3 class=\"elementor-image-box-title\"><a href=\"https:\/\/www.instagram.com\/amori.nha\/\">Amora Moreira<\/a><\/h3><p class=\"elementor-image-box-description\">Product Designer<\/p><\/div><\/div>\t\t<\/div>\n\t\t\t\t<\/div>\n\t\t\t\t\t<\/div>\n\t\t<\/div>\n\t\t\t\t<div class=\"elementor-column elementor-col-33 elementor-top-column elementor-element elementor-element-06242af\" data-id=\"06242af\" data-element_type=\"column\">\n\t\t\t<div class=\"elementor-widget-wrap elementor-element-populated\">\n\t\t\t\t\t\t\t\t<div class=\"elementor-element elementor-element-34ce779 elementor-position-top elementor-widget elementor-widget-image-box\" data-id=\"34ce779\" data-element_type=\"widget\" data-widget_type=\"image-box.default\">\n\t\t\t\t<div class=\"elementor-widget-container\">\n\t\t\t<div class=\"elementor-image-box-wrapper\"><figure class=\"elementor-image-box-img\"><a href=\"https:\/\/www.instagram.com\/vitorfernandesamorim\/\" tabindex=\"-1\"><img decoding=\"async\" width=\"300\" height=\"300\" src=\"https:\/\/breakinhub.com\/wp-content\/uploads\/2023\/08\/vitim-avatar.png\" class=\"attachment-full size-full wp-image-5223\" alt=\"bboy sektor\" srcset=\"https:\/\/breakinhub.com\/wp-content\/uploads\/2023\/08\/vitim-avatar.png 300w, https:\/\/breakinhub.com\/wp-content\/uploads\/2023\/08\/vitim-avatar-150x150.png 150w, https:\/\/breakinhub.com\/wp-content\/uploads\/2023\/08\/vitim-avatar-70x70.png 70w\" sizes=\"(max-width: 300px) 100vw, 300px\" \/><\/a><\/figure><div class=\"elementor-image-box-content\"><h3 class=\"elementor-image-box-title\"><a href=\"https:\/\/www.instagram.com\/vitorfernandesamorim\/\">Vitor<\/a><\/h3><p class=\"elementor-image-box-description\">Product Designer\u200b<\/p><\/div><\/div>\t\t<\/div>\n\t\t\t\t<\/div>\n\t\t\t\t\t<\/div>\n\t\t<\/div>\n\t\t\t\t\t\t\t<\/div>\n\t\t<\/section>\n\t\t\t\t<section class=\"elementor-section elementor-top-section elementor-element elementor-element-8f99179 elementor-section-boxed elementor-section-height-default elementor-section-height-default\" data-id=\"8f99179\" data-element_type=\"section\">\n\t\t\t\t\t\t<div class=\"elementor-container elementor-column-gap-default\">\n\t\t\t\t\t<div class=\"elementor-column elementor-col-100 elementor-top-column elementor-element elementor-element-67c88a5\" data-id=\"67c88a5\" data-element_type=\"column\">\n\t\t\t<div class=\"elementor-widget-wrap elementor-element-populated\">\n\t\t\t\t\t\t\t\t<div class=\"elementor-element elementor-element-bc56978 elementor-widget elementor-widget-spacer\" data-id=\"bc56978\" data-element_type=\"widget\" data-widget_type=\"spacer.default\">\n\t\t\t\t<div class=\"elementor-widget-container\">\n\t\t\t<style>\/*! elementor - v3.18.0 - 20-12-2023 *\/\n.elementor-column .elementor-spacer-inner{height:var(--spacer-size)}.e-con{--container-widget-width:100%}.e-con-inner>.elementor-widget-spacer,.e-con>.elementor-widget-spacer{width:var(--container-widget-width,var(--spacer-size));--align-self:var(--container-widget-align-self,initial);--flex-shrink:0}.e-con-inner>.elementor-widget-spacer>.elementor-widget-container,.e-con>.elementor-widget-spacer>.elementor-widget-container{height:100%;width:100%}.e-con-inner>.elementor-widget-spacer>.elementor-widget-container>.elementor-spacer,.e-con>.elementor-widget-spacer>.elementor-widget-container>.elementor-spacer{height:100%}.e-con-inner>.elementor-widget-spacer>.elementor-widget-container>.elementor-spacer>.elementor-spacer-inner,.e-con>.elementor-widget-spacer>.elementor-widget-container>.elementor-spacer>.elementor-spacer-inner{height:var(--container-widget-height,var(--spacer-size))}.e-con-inner>.elementor-widget-spacer.elementor-widget-empty,.e-con>.elementor-widget-spacer.elementor-widget-empty{position:relative;min-height:22px;min-width:22px}.e-con-inner>.elementor-widget-spacer.elementor-widget-empty .elementor-widget-empty-icon,.e-con>.elementor-widget-spacer.elementor-widget-empty .elementor-widget-empty-icon{position:absolute;top:0;bottom:0;left:0;right:0;margin:auto;padding:0;width:22px;height:22px}<\/style>\t\t<div class=\"elementor-spacer\">\n\t\t\t<div class=\"elementor-spacer-inner\"><\/div>\n\t\t<\/div>\n\t\t\t\t<\/div>\n\t\t\t\t<\/div>\n\t\t\t\t<div class=\"elementor-element elementor-element-84b28de elementor-widget elementor-widget-spacer\" data-id=\"84b28de\" data-element_type=\"widget\" data-widget_type=\"spacer.default\">\n\t\t\t\t<div class=\"elementor-widget-container\">\n\t\t\t\t\t<div class=\"elementor-spacer\">\n\t\t\t<div class=\"elementor-spacer-inner\"><\/div>\n\t\t<\/div>\n\t\t\t\t<\/div>\n\t\t\t\t<\/div>\n\t\t\t\t\t<\/div>\n\t\t<\/div>\n\t\t\t\t\t\t\t<\/div>\n\t\t<\/section>\n\t\t\t\t\t\t\t<\/div>","protected":false},"excerpt":{"rendered":"<p>Breaking em um s\u00f3 lugar Somos o primeiro app brasileiro focado exclusivamente em B-boys e B-girls. Atrav\u00e9s de tecnologia queremos trazer mais organiza\u00e7\u00e3o, evolu\u00e7\u00e3o e consci\u00eancia cultural para a cena do Breaking. Nossa miss\u00e3o \u00e9 apoiar a cena do Breaking O Breakin Hub \u00e9 um app que tem como miss\u00e3o ajudar breakers de todo o [&hellip;]<\/p>","protected":false},"author":1,"featured_media":0,"parent":0,"menu_order":0,"comment_status":"closed","ping_status":"closed","template":"elementor_header_footer","meta":{"_monsterinsights_skip_tracking":false,"_monsterinsights_sitenote_active":false,"_monsterinsights_sitenote_note":"","_monsterinsights_sitenote_category":0,"footnotes":""},"_links":{"self":[{"href":"https:\/\/breakinhub.com\/en\/wp-json\/wp\/v2\/pages\/986"}],"collection":[{"href":"https:\/\/breakinhub.com\/en\/wp-json\/wp\/v2\/pages"}],"about":[{"href":"https:\/\/breakinhub.com\/en\/wp-json\/wp\/v2\/types\/page"}],"author":[{"embeddable":true,"href":"https:\/\/breakinhub.com\/en\/wp-json\/wp\/v2\/users\/1"}],"replies":[{"embeddable":true,"href":"https:\/\/breakinhub.com\/en\/wp-json\/wp\/v2\/comments?post=986"}],"version-history":[{"count":37,"href":"https:\/\/breakinhub.com\/en\/wp-json\/wp\/v2\/pages\/986\/revisions"}],"predecessor-version":[{"id":5490,"href":"https:\/\/breakinhub.com\/en\/wp-json\/wp\/v2\/pages\/986\/revisions\/5490"}],"wp:attachment":[{"href":"https:\/\/breakinhub.com\/en\/wp-json\/wp\/v2\/media?parent=986"}],"curies":[{"name":"wp","href":"https:\/\/api.w.org\/{rel}","templated":true}]}}