{"id":5373,"date":"2023-08-08T21:27:44","date_gmt":"2023-08-09T00:27:44","guid":{"rendered":"https:\/\/breakinhub.com\/?page_id=5373"},"modified":"2023-08-13T21:20:10","modified_gmt":"2023-08-14T00:20:10","slug":"breaking-anti-harrassement-guide","status":"publish","type":"page","link":"https:\/\/breakinhub.com\/en\/breaking-anti-harrassement-guide\/","title":{"rendered":"Anti-Harassment Guide in Breaking"},"content":{"rendered":"<div data-elementor-type=\"wp-page\" data-elementor-id=\"5373\" class=\"elementor elementor-5373\">\n\t\t\t\t\t\t\t\t\t<section class=\"elementor-section elementor-top-section elementor-element elementor-element-73c9ddb7 elementor-section-height-min-height elementor-section-boxed elementor-section-height-default elementor-section-items-middle\" data-id=\"73c9ddb7\" data-element_type=\"section\">\n\t\t\t\t\t\t<div class=\"elementor-container elementor-column-gap-wide\">\n\t\t\t\t\t<div class=\"elementor-column elementor-col-100 elementor-top-column elementor-element elementor-element-292c2e5e\" data-id=\"292c2e5e\" data-element_type=\"column\">\n\t\t\t<div class=\"elementor-widget-wrap elementor-element-populated\">\n\t\t\t\t\t\t\t\t<div class=\"elementor-element elementor-element-d6f787 elementor-widget__width-initial elementor-widget elementor-widget-text-editor\" data-id=\"d6f787\" data-element_type=\"widget\" data-widget_type=\"text-editor.default\">\n\t\t\t\t<div class=\"elementor-widget-container\">\n\t\t\t<style>\/*! elementor - v3.18.0 - 20-12-2023 *\/\n.elementor-widget-text-editor.elementor-drop-cap-view-stacked .elementor-drop-cap{background-color:#69727d;color:#fff}.elementor-widget-text-editor.elementor-drop-cap-view-framed .elementor-drop-cap{color:#69727d;border:3px solid;background-color:transparent}.elementor-widget-text-editor:not(.elementor-drop-cap-view-default) .elementor-drop-cap{margin-top:8px}.elementor-widget-text-editor:not(.elementor-drop-cap-view-default) .elementor-drop-cap-letter{width:1em;height:1em}.elementor-widget-text-editor .elementor-drop-cap{float:left;text-align:center;line-height:1;font-size:50px}.elementor-widget-text-editor .elementor-drop-cap-letter{display:inline-block}<\/style>\t\t\t\t<p><!-- wp:paragraph --><\/p>\n<h4>Anti-Harassment Guide in Breaking<\/h4>\n<p>\u00a0<\/p>\n<p style=\"margin-right: 0px; margin-bottom: 0px; margin-left: 0px; font-variant-numeric: normal; font-variant-east-asian: normal; font-variant-alternates: normal; font-kerning: auto; font-optical-sizing: auto; font-feature-settings: normal; font-variation-settings: normal; font-stretch: normal; font-size: 12px; line-height: normal; font-family: Helvetica; color: #000000;\"><span style=\"font-weight: 400; color: #7a7a7a; font-family: Roboto, sans-serif; font-size: 16px;\">Our evolution goes beyond movements and victories in battles. <br \/>Our awareness and respect should also be in constant improvement.\u00a0<\/span><span style=\"font-weight: 400; color: #7a7a7a; font-family: Roboto, sans-serif; font-size: 16px;\">It is the desire of everyone to be in a welcoming and safe environment to pursue what they love.\u00a0<\/span><span style=\"font-weight: 400; color: #7a7a7a; font-family: Roboto, sans-serif; font-size: 16px;\">With that in mind, Breakin' Hub aims to bring visibility to an incredibly important awareness initiative.\u00a0<\/span><br style=\"color: #7a7a7a; font-family: Roboto, sans-serif; font-size: 16px;\" \/><span style=\"color: #7a7a7a; font-family: Roboto, sans-serif; font-size: 16px;\"><span style=\"font-weight: 400;\">Developed by <\/span>B-Girl Amanda<span style=\"font-weight: 400;\">(Amanda Baroni) together with <\/span>REDE BGIRLS DO BRASIL<span style=\"font-weight: 400;\">, the <\/span>Anti-Harassment Guide in Breaking<span style=\"font-weight: 400;\"> brings incredibly rich content addressing awareness and guidance in situations of harassment within the scene.<br \/><\/span><\/span><\/p>\n<p><!-- \/wp:heading --><\/p>\n<p><!-- wp:paragraph --><\/p>\n<p>\u00a0<\/p>\n<p><!-- \/wp:paragraph --><\/p>\t\t\t\t\t\t<\/div>\n\t\t\t\t<\/div>\n\t\t\t\t<div class=\"elementor-element elementor-element-98f7d1f elementor-widget__width-initial elementor-widget elementor-widget-button\" data-id=\"98f7d1f\" data-element_type=\"widget\" data-widget_type=\"button.default\">\n\t\t\t\t<div class=\"elementor-widget-container\">\n\t\t\t\t\t<div class=\"elementor-button-wrapper\">\n\t\t\t<a class=\"elementor-button elementor-button-link elementor-size-sm\" href=\"https:\/\/drive.google.com\/drive\/folders\/1YLcE35LwSq6Vjgr3PnnPkqBFri1OIWZp?usp=sharing\">\n\t\t\t\t\t\t<span class=\"elementor-button-content-wrapper\">\n\t\t\t\t\t\t<span class=\"elementor-button-text\">Access the Guide<\/span>\n\t\t<\/span>\n\t\t\t\t\t<\/a>\n\t\t<\/div>\n\t\t\t\t<\/div>\n\t\t\t\t<\/div>\n\t\t\t\t<div class=\"elementor-element elementor-element-edfad25 elementor-widget elementor-widget-spacer\" data-id=\"edfad25\" data-element_type=\"widget\" data-widget_type=\"spacer.default\">\n\t\t\t\t<div class=\"elementor-widget-container\">\n\t\t\t<style>\/*! elementor - v3.18.0 - 20-12-2023 *\/\n.elementor-column .elementor-spacer-inner{height:var(--spacer-size)}.e-con{--container-widget-width:100%}.e-con-inner>.elementor-widget-spacer,.e-con>.elementor-widget-spacer{width:var(--container-widget-width,var(--spacer-size));--align-self:var(--container-widget-align-self,initial);--flex-shrink:0}.e-con-inner>.elementor-widget-spacer>.elementor-widget-container,.e-con>.elementor-widget-spacer>.elementor-widget-container{height:100%;width:100%}.e-con-inner>.elementor-widget-spacer>.elementor-widget-container>.elementor-spacer,.e-con>.elementor-widget-spacer>.elementor-widget-container>.elementor-spacer{height:100%}.e-con-inner>.elementor-widget-spacer>.elementor-widget-container>.elementor-spacer>.elementor-spacer-inner,.e-con>.elementor-widget-spacer>.elementor-widget-container>.elementor-spacer>.elementor-spacer-inner{height:var(--container-widget-height,var(--spacer-size))}.e-con-inner>.elementor-widget-spacer.elementor-widget-empty,.e-con>.elementor-widget-spacer.elementor-widget-empty{position:relative;min-height:22px;min-width:22px}.e-con-inner>.elementor-widget-spacer.elementor-widget-empty .elementor-widget-empty-icon,.e-con>.elementor-widget-spacer.elementor-widget-empty .elementor-widget-empty-icon{position:absolute;top:0;bottom:0;left:0;right:0;margin:auto;padding:0;width:22px;height:22px}<\/style>\t\t<div class=\"elementor-spacer\">\n\t\t\t<div class=\"elementor-spacer-inner\"><\/div>\n\t\t<\/div>\n\t\t\t\t<\/div>\n\t\t\t\t<\/div>\n\t\t\t\t<div class=\"elementor-element elementor-element-ff8fef8 elementor-widget__width-initial elementor-widget elementor-widget-text-editor\" data-id=\"ff8fef8\" data-element_type=\"widget\" data-widget_type=\"text-editor.default\">\n\t\t\t\t<div class=\"elementor-widget-container\">\n\t\t\t\t\t\t\t<p><!-- wp:paragraph --><\/p>\n<h4>More information<span style=\"color: #7a7a7a; font-family: Roboto, sans-serif; font-size: 16px; font-weight: 400;\"><br \/>You can get in touch with the project creator and collaborators through the social media links provided below<br \/><\/span><\/h4>\n<p><!-- \/wp:heading --><\/p>\n<p><!-- wp:paragraph --><\/p>\n<p>\u00a0<\/p>\n<p><!-- \/wp:paragraph --><\/p>\t\t\t\t\t\t<\/div>\n\t\t\t\t<\/div>\n\t\t\t\t<div class=\"elementor-element elementor-element-1091c1e elementor-icon-list--layout-traditional elementor-list-item-link-full_width elementor-widget elementor-widget-icon-list\" data-id=\"1091c1e\" data-element_type=\"widget\" data-widget_type=\"icon-list.default\">\n\t\t\t\t<div class=\"elementor-widget-container\">\n\t\t\t<link rel=\"stylesheet\" href=\"https:\/\/breakinhub.com\/wp-content\/plugins\/elementor\/assets\/css\/widget-icon-list.min.css\">\t\t<ul class=\"elementor-icon-list-items\">\n\t\t\t\t\t\t\t<li class=\"elementor-icon-list-item\">\n\t\t\t\t\t\t\t\t\t\t\t<a href=\"https:\/\/www.instagram.com\/hiphopdocs\/\" target=\"_blank\">\n\n\t\t\t\t\t\t\t\t\t\t\t\t<span class=\"elementor-icon-list-icon\">\n\t\t\t\t\t\t\t<i aria-hidden=\"true\" class=\"fab fa-instagram\"><\/i>\t\t\t\t\t\t<\/span>\n\t\t\t\t\t\t\t\t\t\t<span class=\"elementor-icon-list-text\">Hip Hop Docs<\/span>\n\t\t\t\t\t\t\t\t\t\t\t<\/a>\n\t\t\t\t\t\t\t\t\t<\/li>\n\t\t\t\t\t\t\t\t<li class=\"elementor-icon-list-item\">\n\t\t\t\t\t\t\t\t\t\t\t<a href=\"https:\/\/www.instagram.com\/euamandabaroni\/\" target=\"_blank\">\n\n\t\t\t\t\t\t\t\t\t\t\t\t<span class=\"elementor-icon-list-icon\">\n\t\t\t\t\t\t\t<i aria-hidden=\"true\" class=\"fab fa-instagram\"><\/i>\t\t\t\t\t\t<\/span>\n\t\t\t\t\t\t\t\t\t\t<span class=\"elementor-icon-list-text\">B-Girl Amanda<\/span>\n\t\t\t\t\t\t\t\t\t\t\t<\/a>\n\t\t\t\t\t\t\t\t\t<\/li>\n\t\t\t\t\t\t\t\t<li class=\"elementor-icon-list-item\">\n\t\t\t\t\t\t\t\t\t\t\t<a href=\"https:\/\/www.instagram.com\/redebgirlsdobrasil\/\" target=\"_blank\">\n\n\t\t\t\t\t\t\t\t\t\t\t\t<span class=\"elementor-icon-list-icon\">\n\t\t\t\t\t\t\t<i aria-hidden=\"true\" class=\"fab fa-instagram\"><\/i>\t\t\t\t\t\t<\/span>\n\t\t\t\t\t\t\t\t\t\t<span class=\"elementor-icon-list-text\">REDE BGIRLS DO BRAZIL<\/span>\n\t\t\t\t\t\t\t\t\t\t\t<\/a>\n\t\t\t\t\t\t\t\t\t<\/li>\n\t\t\t\t\t\t<\/ul>\n\t\t\t\t<\/div>\n\t\t\t\t<\/div>\n\t\t\t\t\t<\/div>\n\t\t<\/div>\n\t\t\t\t\t\t\t<\/div>\n\t\t<\/section>\n\t\t\t\t<section class=\"elementor-section elementor-top-section elementor-element elementor-element-44de8fe elementor-section-boxed elementor-section-height-default elementor-section-height-default\" data-id=\"44de8fe\" data-element_type=\"section\">\n\t\t\t\t\t\t<div class=\"elementor-container elementor-column-gap-default\">\n\t\t\t\t\t<div class=\"elementor-column elementor-col-100 elementor-top-column elementor-element elementor-element-cc8fbe3\" data-id=\"cc8fbe3\" data-element_type=\"column\">\n\t\t\t<div class=\"elementor-widget-wrap elementor-element-populated\">\n\t\t\t\t\t\t\t\t<div class=\"elementor-element elementor-element-8518dbe elementor-widget elementor-widget-image\" data-id=\"8518dbe\" data-element_type=\"widget\" data-widget_type=\"image.default\">\n\t\t\t\t<div class=\"elementor-widget-container\">\n\t\t\t<style>\/*! elementor - v3.18.0 - 20-12-2023 *\/\n.elementor-widget-image{text-align:center}.elementor-widget-image a{display:inline-block}.elementor-widget-image a img[src$=\".svg\"]{width:48px}.elementor-widget-image img{vertical-align:middle;display:inline-block}<\/style>\t\t\t\t\t\t\t\t\t\t\t\t<img fetchpriority=\"high\" decoding=\"async\" width=\"768\" height=\"768\" src=\"https:\/\/breakinhub.com\/wp-content\/uploads\/2023\/08\/guia-antiassedio-pt-768x768.png\" class=\"attachment-medium_large size-medium_large wp-image-5387\" alt=\"guia antiassedio no breaking\" srcset=\"https:\/\/breakinhub.com\/wp-content\/uploads\/2023\/08\/guia-antiassedio-pt-768x768.png 768w, https:\/\/breakinhub.com\/wp-content\/uploads\/2023\/08\/guia-antiassedio-pt-300x300.png 300w, https:\/\/breakinhub.com\/wp-content\/uploads\/2023\/08\/guia-antiassedio-pt-1024x1024.png 1024w, https:\/\/breakinhub.com\/wp-content\/uploads\/2023\/08\/guia-antiassedio-pt-150x150.png 150w, https:\/\/breakinhub.com\/wp-content\/uploads\/2023\/08\/guia-antiassedio-pt-12x12.png 12w, https:\/\/breakinhub.com\/wp-content\/uploads\/2023\/08\/guia-antiassedio-pt-70x70.png 70w, https:\/\/breakinhub.com\/wp-content\/uploads\/2023\/08\/guia-antiassedio-pt-480x480.png 480w, https:\/\/breakinhub.com\/wp-content\/uploads\/2023\/08\/elementor\/thumbs\/guia-antiassedio-pt-qamwa15cbgnabkxgt7cffy1f5a45h7juw8ryqv7n9k.png 500w, https:\/\/breakinhub.com\/wp-content\/uploads\/2023\/08\/elementor\/thumbs\/guia-antiassedio-pt-qamwa15b3luupkrqeah9bv723xwitgc50g6slgqf8g.png 400w, https:\/\/breakinhub.com\/wp-content\/uploads\/2023\/08\/guia-antiassedio-pt.png 1080w\" sizes=\"(max-width: 768px) 100vw, 768px\" \/>\t\t\t\t\t\t\t\t\t\t\t\t\t\t\t<\/div>\n\t\t\t\t<\/div>\n\t\t\t\t\t<\/div>\n\t\t<\/div>\n\t\t\t\t\t\t\t<\/div>\n\t\t<\/section>\n\t\t\t\t<section class=\"elementor-section elementor-top-section elementor-element elementor-element-6d05772 elementor-section-boxed elementor-section-height-default elementor-section-height-default\" data-id=\"6d05772\" data-element_type=\"section\">\n\t\t\t\t\t\t<div class=\"elementor-container elementor-column-gap-default\">\n\t\t\t\t\t<div class=\"elementor-column elementor-col-100 elementor-top-column elementor-element elementor-element-10cc439\" data-id=\"10cc439\" data-element_type=\"column\">\n\t\t\t<div class=\"elementor-widget-wrap elementor-element-populated\">\n\t\t\t\t\t\t\t\t<div class=\"elementor-element elementor-element-11358f2 elementor-widget elementor-widget-spacer\" data-id=\"11358f2\" data-element_type=\"widget\" data-widget_type=\"spacer.default\">\n\t\t\t\t<div class=\"elementor-widget-container\">\n\t\t\t\t\t<div class=\"elementor-spacer\">\n\t\t\t<div class=\"elementor-spacer-inner\"><\/div>\n\t\t<\/div>\n\t\t\t\t<\/div>\n\t\t\t\t<\/div>\n\t\t\t\t\t<\/div>\n\t\t<\/div>\n\t\t\t\t\t\t\t<\/div>\n\t\t<\/section>\n\t\t\t\t\t\t\t<\/div>","protected":false},"excerpt":{"rendered":"<p>Guia Antiass\u00e9dio no Breaking \u00a0 Nossa evolu\u00e7\u00e3o vai al\u00e9m de movimentos e vit\u00f3rias em batalhas. Nossa consci\u00eancia e respeito tamb\u00e9m devem estar em constante melhoria.\u00a0\u00c9 desejo de todos estar em um ambiente acolhedor e seguro para fazer o que ama.\u00a0Pensando nisso, o Breakin&#8217; Hub quer dar visibilidade a um trabalho important\u00edssimo de conscientiza\u00e7\u00e3o.\u00a0Desenvolvido pela B-Girl [&hellip;]<\/p>","protected":false},"author":1,"featured_media":0,"parent":0,"menu_order":0,"comment_status":"closed","ping_status":"closed","template":"elementor_header_footer","meta":{"_monsterinsights_skip_tracking":false,"_monsterinsights_sitenote_active":false,"_monsterinsights_sitenote_note":"","_monsterinsights_sitenote_category":0,"footnotes":""},"_links":{"self":[{"href":"https:\/\/breakinhub.com\/en\/wp-json\/wp\/v2\/pages\/5373"}],"collection":[{"href":"https:\/\/breakinhub.com\/en\/wp-json\/wp\/v2\/pages"}],"about":[{"href":"https:\/\/breakinhub.com\/en\/wp-json\/wp\/v2\/types\/page"}],"author":[{"embeddable":true,"href":"https:\/\/breakinhub.com\/en\/wp-json\/wp\/v2\/users\/1"}],"replies":[{"embeddable":true,"href":"https:\/\/breakinhub.com\/en\/wp-json\/wp\/v2\/comments?post=5373"}],"version-history":[{"count":25,"href":"https:\/\/breakinhub.com\/en\/wp-json\/wp\/v2\/pages\/5373\/revisions"}],"predecessor-version":[{"id":5450,"href":"https:\/\/breakinhub.com\/en\/wp-json\/wp\/v2\/pages\/5373\/revisions\/5450"}],"wp:attachment":[{"href":"https:\/\/breakinhub.com\/en\/wp-json\/wp\/v2\/media?parent=5373"}],"curies":[{"name":"wp","href":"https:\/\/api.w.org\/{rel}","templated":true}]}}