{"id":5349,"date":"2023-08-08T21:02:09","date_gmt":"2023-08-09T00:02:09","guid":{"rendered":"https:\/\/breakinhub.com\/?page_id=5349"},"modified":"2023-08-13T21:25:46","modified_gmt":"2023-08-14T00:25:46","slug":"terms-conditions","status":"publish","type":"page","link":"https:\/\/breakinhub.com\/en\/terms-conditions\/","title":{"rendered":"Terms and conditions"},"content":{"rendered":"<div data-elementor-type=\"wp-page\" data-elementor-id=\"5349\" class=\"elementor elementor-5349\">\n\t\t\t\t\t\t\t\t\t<section class=\"elementor-section elementor-top-section elementor-element elementor-element-73c9ddb7 elementor-section-boxed elementor-section-height-default elementor-section-height-default\" data-id=\"73c9ddb7\" data-element_type=\"section\">\n\t\t\t\t\t\t<div class=\"elementor-container elementor-column-gap-default\">\n\t\t\t\t\t<div class=\"elementor-column elementor-col-100 elementor-top-column elementor-element elementor-element-292c2e5e\" data-id=\"292c2e5e\" data-element_type=\"column\">\n\t\t\t<div class=\"elementor-widget-wrap elementor-element-populated\">\n\t\t\t\t\t\t\t\t<div class=\"elementor-element elementor-element-d6f787 elementor-widget elementor-widget-text-editor\" data-id=\"d6f787\" data-element_type=\"widget\" data-widget_type=\"text-editor.default\">\n\t\t\t\t<div class=\"elementor-widget-container\">\n\t\t\t<style>\/*! elementor - v3.18.0 - 20-12-2023 *\/\n.elementor-widget-text-editor.elementor-drop-cap-view-stacked .elementor-drop-cap{background-color:#69727d;color:#fff}.elementor-widget-text-editor.elementor-drop-cap-view-framed .elementor-drop-cap{color:#69727d;border:3px solid;background-color:transparent}.elementor-widget-text-editor:not(.elementor-drop-cap-view-default) .elementor-drop-cap{margin-top:8px}.elementor-widget-text-editor:not(.elementor-drop-cap-view-default) .elementor-drop-cap-letter{width:1em;height:1em}.elementor-widget-text-editor .elementor-drop-cap{float:left;text-align:center;line-height:1;font-size:50px}.elementor-widget-text-editor .elementor-drop-cap-letter{display:inline-block}<\/style>\t\t\t\t<h4 class=\"wp-block-heading\">1. Terms<\/h4>\n<p>By accessing the Breakin\u2019 Hub website or app, you agree to comply with these terms of service, all applicable laws and regulations, and acknowledge that you are responsible for complying with all relevant local laws. If you do not agree with any of these terms, you are prohibited from using or accessing this site. The materials contained on this site are protected by applicable copyright and trademark laws.<\/p>\n<h4 class=\"wp-block-heading\">2. License usage<\/h4>\n<p>Permission is granted to temporarily download a copy of the materials (information or software) on the Breakin\u2019 Hub website for personal, non-commercial transitory viewing only. This is the grant of a license, not a transfer of title, and under this license, you may not:<\/p>\n<ol><!-- wp:list-item --><p><\/p>\n<li>modify or copy the materials; use the materials for;<\/li>\n<p><!-- \/wp:list-item --><\/p>\n<p><!-- wp:list-item --><\/p>\n<li>any commercial purpose or for public display (commercial or non-commercial);<\/li>\n<p><!-- \/wp:list-item --><\/p>\n<p><!-- wp:list-item --><\/p>\n<li>attempt to decompile or reverse engineer any software contained on the Breakin Hub website;<\/li>\n<p><!-- \/wp:list-item --><\/p>\n<p><!-- wp:list-item --><\/p>\n<li>remove any copyright or other proprietary notations from the materials;<\/li>\n<p><!-- \/wp:list-item --><\/p>\n<p><!-- wp:list-item --><\/p>\n<li>or transfer the materials to another person or \"mirror\" the materials on any other server.<\/li>\n<p><!-- \/wp:list-item --><\/p><\/ol>\n<p>This license will be automatically terminated if you violate any of these restrictions and may be terminated by Breakin' Hub at any time. Upon ending the viewing of these materials or upon the termination of this license, you must delete all downloaded materials in your possession, whether in electronic or printed format.<\/p>\n<h4 class=\"wp-block-heading\">3. Disclaimer<\/h4>\n<ol><!-- wp:list-item --><p><\/p>\n<li>The materials on the Breakin\u2019 Hub website are provided \"as is.\" Breakin\u2019 Hub does not offer warranties, express or implied, and hereby disclaims and denies all other warranties, including without limitation, implied warranties or conditions of merchantability, fitness for a particular purpose, or non-infringement of intellectual property or other violation of rights.<\/li>\n<p><!-- \/wp:list-item --><\/p>\n<p><!-- wp:list-item --><\/p>\n<li>Furthermore, Breakin\u2019 Hub does not guarantee or make any representation regarding the accuracy, likely results, or reliability of the use of the materials on its site or otherwise related to these materials or on sites linked to this site.<\/li>\n<p><!-- \/wp:list-item --><\/p><\/ol>\n<h4 class=\"wp-block-heading\">4. Limitations<\/h4>\n<p>In no event shall Breakin\u2019 Hub or its suppliers be liable for any damages (including, without limitation, damages for loss of data or profit, or due to business interruption) arising out of the use or inability to use the materials on Breakin\u2019 Hub, even if Breakin\u2019 Hub or an authorized representative of Breakin\u2019 Hub has been notified orally or in writing of the possibility of such damage. As some jurisdictions do not allow limitations on implied warranties, or limitations of liability for consequential or incidental damages, these limitations may not apply to you.<\/p>\n<h4 class=\"wp-block-heading\">5. Accuracy of Materials<\/h4>\n<p>The materials displayed on the Breakin\u2019 Hub website may include technical, typographical, or photographic errors. Breakin\u2019 Hub does not guarantee that any material on its site is accurate, complete, or current. Breakin\u2019 Hub may make changes to the materials contained on its site at any time without notice. However, Breakin\u2019 Hub does not commit to updating the materials.<\/p>\n<h4 class=\"wp-block-heading\">6. Links<\/h4>\n<p>Breakin\u2019 Hub has not reviewed all of the sites linked to its website and is not responsible for the content of any linked site. The inclusion of any link does not imply endorsement by Breakin\u2019 Hub of the site. The use of any linked site is at the user's own risk.<\/p>\n<h4 class=\"wp-block-heading\">Modifications<\/h4>\n<p>Breakin\u2019 Hub may revise these website terms of service at any time without notice. By using this site, you agree to be bound by the current version of these terms of service.<\/p>\n<h4 class=\"wp-block-heading\">Applicable Law<\/h4>\n<p><!-- wp:heading {\"level\":4} --><\/p>\n<p><!-- \/wp:heading --><\/p>\n<p><!-- wp:paragraph --><\/p>\n<p><!-- \/wp:paragraph --><\/p>\n<p><!-- wp:heading {\"level\":4} --><\/p>\n<p><!-- \/wp:heading --><\/p>\n<p><!-- wp:paragraph --><\/p>\n<p><!-- \/wp:paragraph --><\/p>\n<p><!-- wp:list {\"ordered\":true} --><\/p>\n<p><!-- \/wp:list --><\/p>\n<p><!-- wp:paragraph --><\/p>\n<p><!-- \/wp:paragraph --><\/p>\n<p><!-- wp:heading {\"level\":4} --><\/p>\n<p><!-- \/wp:heading --><\/p>\n<p><!-- wp:list {\"ordered\":true} --><\/p>\n<p><!-- \/wp:list --><\/p>\n<p><!-- wp:heading {\"level\":4} --><\/p>\n<p><!-- \/wp:heading --><\/p>\n<p><!-- wp:paragraph --><\/p>\n<p><!-- \/wp:paragraph --><\/p>\n<p><!-- wp:heading {\"level\":4} --><\/p>\n<p><!-- \/wp:heading --><\/p>\n<p><!-- wp:paragraph --><\/p>\n<p><!-- \/wp:paragraph --><\/p>\n<p><!-- wp:heading {\"level\":4} --><\/p>\n<p><!-- \/wp:heading --><\/p>\n<p><!-- wp:paragraph --><\/p>\n<p><!-- \/wp:paragraph --><\/p>\n<p><!-- wp:heading {\"level\":4} --><\/p>\n<p><!-- \/wp:heading --><\/p>\n<p><!-- wp:paragraph --><\/p>\n<p><!-- \/wp:paragraph --><\/p>\n<p><!-- wp:heading {\"level\":4} --><\/p>\n<p><!-- \/wp:heading --><\/p>\n<p><!-- wp:paragraph --><\/p>\n<p><!-- \/wp:paragraph --><\/p>\n<p>These terms and conditions are governed and interpreted in accordance with the laws of Breakin\u2019 Hub, and you irrevocably submit to the exclusive jurisdiction of the courts in that state or locality.<\/p>\t\t\t\t\t\t<\/div>\n\t\t\t\t<\/div>\n\t\t\t\t\t<\/div>\n\t\t<\/div>\n\t\t\t\t\t\t\t<\/div>\n\t\t<\/section>\n\t\t\t\t\t\t\t<\/div>","protected":false},"excerpt":{"rendered":"<p>1. Termos Ao acessar ao site ou app Breakin&#8217; Hub, concorda em cumprir estes termos de servi\u00e7o, todas as leis e regulamentos aplic\u00e1veis e concorda que \u00e9 respons\u00e1vel pelo cumprimento de todas as leis locais aplic\u00e1veis. Se voc\u00ea n\u00e3o concordar com algum desses termos, est\u00e1 proibido de usar ou acessar este site. Os materiais contidos [&hellip;]<\/p>","protected":false},"author":1,"featured_media":0,"parent":0,"menu_order":0,"comment_status":"closed","ping_status":"closed","template":"elementor_header_footer","meta":{"_monsterinsights_skip_tracking":false,"_monsterinsights_sitenote_active":false,"_monsterinsights_sitenote_note":"","_monsterinsights_sitenote_category":0,"footnotes":""},"_links":{"self":[{"href":"https:\/\/breakinhub.com\/en\/wp-json\/wp\/v2\/pages\/5349"}],"collection":[{"href":"https:\/\/breakinhub.com\/en\/wp-json\/wp\/v2\/pages"}],"about":[{"href":"https:\/\/breakinhub.com\/en\/wp-json\/wp\/v2\/types\/page"}],"author":[{"embeddable":true,"href":"https:\/\/breakinhub.com\/en\/wp-json\/wp\/v2\/users\/1"}],"replies":[{"embeddable":true,"href":"https:\/\/breakinhub.com\/en\/wp-json\/wp\/v2\/comments?post=5349"}],"version-history":[{"count":15,"href":"https:\/\/breakinhub.com\/en\/wp-json\/wp\/v2\/pages\/5349\/revisions"}],"predecessor-version":[{"id":5452,"href":"https:\/\/breakinhub.com\/en\/wp-json\/wp\/v2\/pages\/5349\/revisions\/5452"}],"wp:attachment":[{"href":"https:\/\/breakinhub.com\/en\/wp-json\/wp\/v2\/media?parent=5349"}],"curies":[{"name":"wp","href":"https:\/\/api.w.org\/{rel}","templated":true}]}}